{"id":1637,"date":"2021-08-08T07:24:04","date_gmt":"2021-08-08T07:24:04","guid":{"rendered":"http:\/\/elitereinigung.de\/?page_id=1637"},"modified":"2021-09-10T22:31:56","modified_gmt":"2021-09-10T22:31:56","slug":"impressum","status":"publish","type":"page","link":"https:\/\/elitereinigung.de\/?page_id=1637","title":{"rendered":"IMPRESSUM"},"content":{"rendered":"\n<p><\/p>\n\n\n\n<p><\/p>\n\n\n\n<p><strong>Angaben gem\u00e4\u00df \u00a7 5 TMG<\/strong><\/p>\n\n\n\n<p>ELITE Reinigung<br>Inhaber: Burak Erdogmus<br>Eichenweg 33<br>33397 Rietberg<\/p>\n\n\n\n<p><strong>Kontakt<\/strong><br>email: info@elitereinigung.de<br>Telefon: 05244\/9609815<br>Fax: 05244\/9609816<br>Website: www.elitereinigung.de<\/p>\n\n\n\n<p>USt-IdNr.: DE345426624<\/p>\n\n\n\n<p><\/p>\n\n\n\n<p>Online-Streitbeilegung gem\u00e4\u00df Art. 14 Abs. 1 ODR-VO: Die Europ\u00e4ische Kommission stellt eine Plattform zur Online-Streitbeilegung (OS) bereit, die Sie unter&nbsp;<a href=\"http:\/\/ec.europa.eu\/consumers\/odr\/\" target=\"_blank\" rel=\"noreferrer noopener\">http:\/\/ec.europa.eu\/consumers\/odr\/<\/a>&nbsp;finden. Dar\u00fcber hinaus nimmt unser Betrieb an einem Verbraucherstreitigkeitsverfahren nicht teil.<\/p>\n\n\n\n<p><\/p>\n","protected":false},"excerpt":{"rendered":"<p>Angaben gem\u00e4\u00df \u00a7 5 TMG ELITE ReinigungInhaber: Burak ErdogmusEichenweg 3333397 Rietberg Kontaktemail: info@elitereinigung.deTelefon: 05244\/9609815Fax: 05244\/9609816Website: www.elitereinigung.de USt-IdNr.: DE345426624 Online-Streitbeilegung gem\u00e4\u00df Art. 14 Abs. 1 ODR-VO: Die Europ\u00e4ische Kommission stellt eine Plattform zur Online-Streitbeilegung (OS) bereit, die Sie unter&nbsp;http:\/\/ec.europa.eu\/consumers\/odr\/&nbsp;finden. Dar\u00fcber hinaus nimmt unser Betrieb an einem Verbraucherstreitigkeitsverfahren nicht teil.<\/p>\n","protected":false},"author":1,"featured_media":0,"parent":0,"menu_order":0,"comment_status":"closed","ping_status":"closed","template":"","meta":{"footnotes":""},"class_list":["post-1637","page","type-page","status-publish","hentry"],"yoast_head":"<!-- This site is optimized with the Yoast SEO plugin v27.4 - https:\/\/yoast.com\/product\/yoast-seo-wordpress\/ -->\n<title>IMPRESSUM - elitereinigung<\/title>\n<meta name=\"robots\" content=\"index, follow, max-snippet:-1, max-image-preview:large, max-video-preview:-1\" \/>\n<link rel=\"canonical\" href=\"https:\/\/elitereinigung.de\/?page_id=1637\" \/>\n<meta property=\"og:locale\" content=\"de_DE\" \/>\n<meta property=\"og:type\" content=\"article\" \/>\n<meta property=\"og:title\" content=\"IMPRESSUM - elitereinigung\" \/>\n<meta property=\"og:description\" content=\"Angaben gem\u00e4\u00df \u00a7 5 TMG ELITE ReinigungInhaber: Burak ErdogmusEichenweg 3333397 Rietberg Kontaktemail: info@elitereinigung.deTelefon: 05244\/9609815Fax: 05244\/9609816Website: www.elitereinigung.de USt-IdNr.: DE345426624 Online-Streitbeilegung gem\u00e4\u00df Art. 14 Abs. 1 ODR-VO: Die Europ\u00e4ische Kommission stellt eine Plattform zur Online-Streitbeilegung (OS) bereit, die Sie unter&nbsp;http:\/\/ec.europa.eu\/consumers\/odr\/&nbsp;finden. Dar\u00fcber hinaus nimmt unser Betrieb an einem Verbraucherstreitigkeitsverfahren nicht teil.\" \/>\n<meta property=\"og:url\" content=\"https:\/\/elitereinigung.de\/?page_id=1637\" \/>\n<meta property=\"og:site_name\" content=\"elitereinigung\" \/>\n<meta property=\"article:modified_time\" content=\"2021-09-10T22:31:56+00:00\" \/>\n<meta name=\"twitter:card\" content=\"summary_large_image\" \/>\n<script type=\"application\/ld+json\" class=\"yoast-schema-graph\">{\"@context\":\"https:\\\/\\\/schema.org\",\"@graph\":[{\"@type\":\"WebPage\",\"@id\":\"https:\\\/\\\/elitereinigung.de\\\/?page_id=1637\",\"url\":\"https:\\\/\\\/elitereinigung.de\\\/?page_id=1637\",\"name\":\"IMPRESSUM - elitereinigung\",\"isPartOf\":{\"@id\":\"https:\\\/\\\/elitereinigung.de\\\/#website\"},\"datePublished\":\"2021-08-08T07:24:04+00:00\",\"dateModified\":\"2021-09-10T22:31:56+00:00\",\"breadcrumb\":{\"@id\":\"https:\\\/\\\/elitereinigung.de\\\/?page_id=1637#breadcrumb\"},\"inLanguage\":\"de\",\"potentialAction\":[{\"@type\":\"ReadAction\",\"target\":[\"https:\\\/\\\/elitereinigung.de\\\/?page_id=1637\"]}]},{\"@type\":\"BreadcrumbList\",\"@id\":\"https:\\\/\\\/elitereinigung.de\\\/?page_id=1637#breadcrumb\",\"itemListElement\":[{\"@type\":\"ListItem\",\"position\":1,\"name\":\"Startseite\",\"item\":\"https:\\\/\\\/elitereinigung.de\\\/\"},{\"@type\":\"ListItem\",\"position\":2,\"name\":\"IMPRESSUM\"}]},{\"@type\":\"WebSite\",\"@id\":\"https:\\\/\\\/elitereinigung.de\\\/#website\",\"url\":\"https:\\\/\\\/elitereinigung.de\\\/\",\"name\":\"elitereinigung\",\"description\":\"Geb\u00e4udereinigung mit Klasse\",\"publisher\":{\"@id\":\"https:\\\/\\\/elitereinigung.de\\\/#organization\"},\"potentialAction\":[{\"@type\":\"SearchAction\",\"target\":{\"@type\":\"EntryPoint\",\"urlTemplate\":\"https:\\\/\\\/elitereinigung.de\\\/?s={search_term_string}\"},\"query-input\":{\"@type\":\"PropertyValueSpecification\",\"valueRequired\":true,\"valueName\":\"search_term_string\"}}],\"inLanguage\":\"de\"},{\"@type\":\"Organization\",\"@id\":\"https:\\\/\\\/elitereinigung.de\\\/#organization\",\"name\":\"Elite Reinigung\",\"url\":\"https:\\\/\\\/elitereinigung.de\\\/\",\"logo\":{\"@type\":\"ImageObject\",\"inLanguage\":\"de\",\"@id\":\"https:\\\/\\\/elitereinigung.de\\\/#\\\/schema\\\/logo\\\/image\\\/\",\"url\":\"https:\\\/\\\/elitereinigung.de\\\/wp-content\\\/uploads\\\/2021\\\/08\\\/logo2-e1628546533758.png\",\"contentUrl\":\"https:\\\/\\\/elitereinigung.de\\\/wp-content\\\/uploads\\\/2021\\\/08\\\/logo2-e1628546533758.png\",\"width\":180,\"height\":99,\"caption\":\"Elite Reinigung\"},\"image\":{\"@id\":\"https:\\\/\\\/elitereinigung.de\\\/#\\\/schema\\\/logo\\\/image\\\/\"},\"sameAs\":[\"https:\\\/\\\/www.instagram.com\\\/elitereinigung\\\/\"]}]}<\/script>\n<!-- \/ Yoast SEO plugin. -->","yoast_head_json":{"title":"IMPRESSUM - elitereinigung","robots":{"index":"index","follow":"follow","max-snippet":"max-snippet:-1","max-image-preview":"max-image-preview:large","max-video-preview":"max-video-preview:-1"},"canonical":"https:\/\/elitereinigung.de\/?page_id=1637","og_locale":"de_DE","og_type":"article","og_title":"IMPRESSUM - elitereinigung","og_description":"Angaben gem\u00e4\u00df \u00a7 5 TMG ELITE ReinigungInhaber: Burak ErdogmusEichenweg 3333397 Rietberg Kontaktemail: info@elitereinigung.deTelefon: 05244\/9609815Fax: 05244\/9609816Website: www.elitereinigung.de USt-IdNr.: DE345426624 Online-Streitbeilegung gem\u00e4\u00df Art. 14 Abs. 1 ODR-VO: Die Europ\u00e4ische Kommission stellt eine Plattform zur Online-Streitbeilegung (OS) bereit, die Sie unter&nbsp;http:\/\/ec.europa.eu\/consumers\/odr\/&nbsp;finden. Dar\u00fcber hinaus nimmt unser Betrieb an einem Verbraucherstreitigkeitsverfahren nicht teil.","og_url":"https:\/\/elitereinigung.de\/?page_id=1637","og_site_name":"elitereinigung","article_modified_time":"2021-09-10T22:31:56+00:00","twitter_card":"summary_large_image","schema":{"@context":"https:\/\/schema.org","@graph":[{"@type":"WebPage","@id":"https:\/\/elitereinigung.de\/?page_id=1637","url":"https:\/\/elitereinigung.de\/?page_id=1637","name":"IMPRESSUM - elitereinigung","isPartOf":{"@id":"https:\/\/elitereinigung.de\/#website"},"datePublished":"2021-08-08T07:24:04+00:00","dateModified":"2021-09-10T22:31:56+00:00","breadcrumb":{"@id":"https:\/\/elitereinigung.de\/?page_id=1637#breadcrumb"},"inLanguage":"de","potentialAction":[{"@type":"ReadAction","target":["https:\/\/elitereinigung.de\/?page_id=1637"]}]},{"@type":"BreadcrumbList","@id":"https:\/\/elitereinigung.de\/?page_id=1637#breadcrumb","itemListElement":[{"@type":"ListItem","position":1,"name":"Startseite","item":"https:\/\/elitereinigung.de\/"},{"@type":"ListItem","position":2,"name":"IMPRESSUM"}]},{"@type":"WebSite","@id":"https:\/\/elitereinigung.de\/#website","url":"https:\/\/elitereinigung.de\/","name":"elitereinigung","description":"Geb\u00e4udereinigung mit Klasse","publisher":{"@id":"https:\/\/elitereinigung.de\/#organization"},"potentialAction":[{"@type":"SearchAction","target":{"@type":"EntryPoint","urlTemplate":"https:\/\/elitereinigung.de\/?s={search_term_string}"},"query-input":{"@type":"PropertyValueSpecification","valueRequired":true,"valueName":"search_term_string"}}],"inLanguage":"de"},{"@type":"Organization","@id":"https:\/\/elitereinigung.de\/#organization","name":"Elite Reinigung","url":"https:\/\/elitereinigung.de\/","logo":{"@type":"ImageObject","inLanguage":"de","@id":"https:\/\/elitereinigung.de\/#\/schema\/logo\/image\/","url":"https:\/\/elitereinigung.de\/wp-content\/uploads\/2021\/08\/logo2-e1628546533758.png","contentUrl":"https:\/\/elitereinigung.de\/wp-content\/uploads\/2021\/08\/logo2-e1628546533758.png","width":180,"height":99,"caption":"Elite Reinigung"},"image":{"@id":"https:\/\/elitereinigung.de\/#\/schema\/logo\/image\/"},"sameAs":["https:\/\/www.instagram.com\/elitereinigung\/"]}]}},"_links":{"self":[{"href":"https:\/\/elitereinigung.de\/index.php?rest_route=\/wp\/v2\/pages\/1637","targetHints":{"allow":["GET"]}}],"collection":[{"href":"https:\/\/elitereinigung.de\/index.php?rest_route=\/wp\/v2\/pages"}],"about":[{"href":"https:\/\/elitereinigung.de\/index.php?rest_route=\/wp\/v2\/types\/page"}],"author":[{"embeddable":true,"href":"https:\/\/elitereinigung.de\/index.php?rest_route=\/wp\/v2\/users\/1"}],"replies":[{"embeddable":true,"href":"https:\/\/elitereinigung.de\/index.php?rest_route=%2Fwp%2Fv2%2Fcomments&post=1637"}],"version-history":[{"count":7,"href":"https:\/\/elitereinigung.de\/index.php?rest_route=\/wp\/v2\/pages\/1637\/revisions"}],"predecessor-version":[{"id":1846,"href":"https:\/\/elitereinigung.de\/index.php?rest_route=\/wp\/v2\/pages\/1637\/revisions\/1846"}],"wp:attachment":[{"href":"https:\/\/elitereinigung.de\/index.php?rest_route=%2Fwp%2Fv2%2Fmedia&parent=1637"}],"curies":[{"name":"wp","href":"https:\/\/api.w.org\/{rel}","templated":true}]}}